{"id":2730,"date":"2022-06-21T08:28:45","date_gmt":"2022-06-21T06:28:45","guid":{"rendered":"https:\/\/perukikrakow.com.pl\/sklep\/?post_type=product&#038;p=2730"},"modified":"2022-06-21T08:40:50","modified_gmt":"2022-06-21T06:40:50","slug":"spumante-schwarz-dopinka-syntetyczna","status":"publish","type":"product","link":"https:\/\/perukikrakow.com.pl\/sklep\/produkt\/spumante-schwarz-dopinka-syntetyczna\/","title":{"rendered":"SPUMANTE schwarz* dopinka syntetyczna"},"content":{"rendered":"<p>Treska z falowanego w\u0142osa syntetycznego. Na g\u0142owie mocowana jest na klamr\u0119.<\/p>\n<p>D\u0142ugo\u015b\u0107 w\u0142osa: 22-28cm (cieniowanie)<\/p>\n","protected":false},"excerpt":{"rendered":"<p>Treska z falowanego w\u0142osa syntetycznego. Na g\u0142owie mocowana jest na klamr\u0119. D\u0142ugo\u015b\u0107 w\u0142osa: 22-28cm (cieniowanie)<\/p>\n","protected":false},"featured_media":2761,"comment_status":"open","ping_status":"closed","template":"","meta":[],"product_cat":[29,26],"product_tag":[],"class_list":["post-2730","product","type-product","status-publish","has-post-thumbnail","hentry","product_cat-syntetyczne-treski","product_cat-treski","product-grid-view"],"_links":{"self":[{"href":"https:\/\/perukikrakow.com.pl\/sklep\/wp-json\/wp\/v2\/product\/2730","targetHints":{"allow":["GET"]}}],"collection":[{"href":"https:\/\/perukikrakow.com.pl\/sklep\/wp-json\/wp\/v2\/product"}],"about":[{"href":"https:\/\/perukikrakow.com.pl\/sklep\/wp-json\/wp\/v2\/types\/product"}],"replies":[{"embeddable":true,"href":"https:\/\/perukikrakow.com.pl\/sklep\/wp-json\/wp\/v2\/comments?post=2730"}],"wp:featuredmedia":[{"embeddable":true,"href":"https:\/\/perukikrakow.com.pl\/sklep\/wp-json\/wp\/v2\/media\/2761"}],"wp:attachment":[{"href":"https:\/\/perukikrakow.com.pl\/sklep\/wp-json\/wp\/v2\/media?parent=2730"}],"wp:term":[{"taxonomy":"product_cat","embeddable":true,"href":"https:\/\/perukikrakow.com.pl\/sklep\/wp-json\/wp\/v2\/product_cat?post=2730"},{"taxonomy":"product_tag","embeddable":true,"href":"https:\/\/perukikrakow.com.pl\/sklep\/wp-json\/wp\/v2\/product_tag?post=2730"}],"curies":[{"name":"wp","href":"https:\/\/api.w.org\/{rel}","templated":true}]}}