{"id":2565,"date":"2022-06-21T07:56:19","date_gmt":"2022-06-21T05:56:19","guid":{"rendered":"https:\/\/perukikrakow.com.pl\/sklep\/?post_type=product&#038;p=2565"},"modified":"2022-07-13T03:52:15","modified_gmt":"2022-07-13T01:52:15","slug":"swingy-espresso-mix-dopinka-syntetyczna","status":"publish","type":"product","link":"https:\/\/perukikrakow.com.pl\/sklep\/produkt\/swingy-espresso-mix-dopinka-syntetyczna\/","title":{"rendered":"SWINGY espresso\/mix* dopinka syntetyczna"},"content":{"rendered":"<p><img decoding=\"async\" src=\"https:\/\/perukikrakow.com.pl\/sklep\/wp-content\/uploads\/2022\/06\/ellen-wille_logo_11zon-1.jpg\" alt=\"ellen wille\" \/><br \/>\nTreska mocowana na klamr\u0119, wykonana jest z\u00a0w\u0142osa syntetycznego.<\/p>\n<p>W\u00a0pasma wbudowane s\u0105 dwa elastyczne druciki. Umo\u017cliwiaj\u0105 one dowolne splatanie lub owijanie w\u0142os\u00f3w np.\u00a0w\u00a0formie koka.<\/p>\n<p>D\u0142ugo\u015b\u0107 w\u0142osa: 22-27cm<\/p>\n","protected":false},"excerpt":{"rendered":"<p>Treska mocowana na klamr\u0119, wykonana jest z\u00a0w\u0142osa syntetycznego. W\u00a0pasma wbudowane s\u0105 dwa elastyczne druciki. Umo\u017cliwiaj\u0105 one dowolne splatanie lub owijanie w\u0142os\u00f3w np.\u00a0w\u00a0formie koka. D\u0142ugo\u015b\u0107 w\u0142osa: 22-27cm<\/p>\n","protected":false},"featured_media":2588,"comment_status":"open","ping_status":"closed","template":"","meta":[],"product_cat":[39,29,26],"product_tag":[],"class_list":["post-2565","product","type-product","status-publish","has-post-thumbnail","hentry","product_cat-ellen-wille","product_cat-syntetyczne-treski","product_cat-treski","product-grid-view"],"_links":{"self":[{"href":"https:\/\/perukikrakow.com.pl\/sklep\/wp-json\/wp\/v2\/product\/2565","targetHints":{"allow":["GET"]}}],"collection":[{"href":"https:\/\/perukikrakow.com.pl\/sklep\/wp-json\/wp\/v2\/product"}],"about":[{"href":"https:\/\/perukikrakow.com.pl\/sklep\/wp-json\/wp\/v2\/types\/product"}],"replies":[{"embeddable":true,"href":"https:\/\/perukikrakow.com.pl\/sklep\/wp-json\/wp\/v2\/comments?post=2565"}],"wp:featuredmedia":[{"embeddable":true,"href":"https:\/\/perukikrakow.com.pl\/sklep\/wp-json\/wp\/v2\/media\/2588"}],"wp:attachment":[{"href":"https:\/\/perukikrakow.com.pl\/sklep\/wp-json\/wp\/v2\/media?parent=2565"}],"wp:term":[{"taxonomy":"product_cat","embeddable":true,"href":"https:\/\/perukikrakow.com.pl\/sklep\/wp-json\/wp\/v2\/product_cat?post=2565"},{"taxonomy":"product_tag","embeddable":true,"href":"https:\/\/perukikrakow.com.pl\/sklep\/wp-json\/wp\/v2\/product_tag?post=2565"}],"curies":[{"name":"wp","href":"https:\/\/api.w.org\/{rel}","templated":true}]}}