{"id":252,"date":"2022-06-06T11:56:41","date_gmt":"2022-06-06T09:56:41","guid":{"rendered":"https:\/\/perukikrakow.com.pl\/sklep\/?post_type=product&#038;p=252"},"modified":"2022-06-06T12:05:00","modified_gmt":"2022-06-06T10:05:00","slug":"spring-mono-w-kolorze-champagne-mix-kolekcja-hairpower","status":"publish","type":"product","link":"https:\/\/perukikrakow.com.pl\/sklep\/produkt\/spring-mono-w-kolorze-champagne-mix-kolekcja-hairpower\/","title":{"rendered":"SPRING MONO w kolorze champagne\/mix Kolekcja HAIRPOWER"},"content":{"rendered":"<ul class=\"information\">\n<li style=\"list-style-type: none;\">\n<ul class=\"information\">\n<li>\n<ul class=\"information\">\n<li style=\"list-style-type: none;\">\n<ul class=\"information\">\n<li><span class=\"text-muted\">Producent:<\/span>\u00a0<a class=\"producer_name\" href=\"https:\/\/www.peruka.pl\/manufacturer\/ellen-wille\">Ellen Wille<\/a><\/li>\n<li><span id=\"st_availability_info\"><span id=\"st_availability_info-value\">Produkt na zam\u00f3wienie<\/span><\/span><\/li>\n<\/ul>\n<\/li>\n<\/ul>\n<div id=\"execute_time\"><span class=\"text-muted\">Czas realizacji:<\/span>\u00a0<span id=\"execute_time_trigger\" data-toggle=\"modal\" data-target=\"#execute_time_overlay\">7 dni roboczych<\/span><\/div>\n<div id=\"basket_product_options_container\"><\/div>\n<div id=\"description-long\" class=\"description tinymce_html col-xs-12\">\n<p>Model Spring Mono to\u00a0<strong>peruka z\u00a0w\u0142os\u00f3w syntetycznych<\/strong>\u00a0utkanych na bazie, kt\u00f3r\u0105 charakteryzuje wykonanie maszynowe na tresach, mikrosk\u00f3ra na g\u00f3rnej cz\u0119\u015bci g\u0142owy oraz linia rozmyta z\u00a0przodu.<\/p>\n<p>Kolor oferowanej fryzury pokazany jest w\u00a0kwadracie obok zdj\u0119cia z\u00a0modelk\u0105.<\/p>\n<p>Dzi\u0119ki bazie peruki Spring Mono zyskujesz:<\/p>\n<ul>\n<li>naturalny prze\u015bwit sk\u00f3ry na g\u00f3rze g\u0142owy<\/li>\n<li>wra\u017cenie, \u017ce w\u0142osy wyrastaj\u0105 ze sk\u00f3ry g\u0142owy<\/li>\n<li>nieco mniejsz\u0105 g\u0119sto\u015b\u0107 w\u0142os\u00f3w w\u00a0g\u00f3rnej cz\u0119\u015bci<\/li>\n<li>mo\u017cliwo\u015b\u0107 zmiany uczesania (u\u0142o\u017cenia g\u00f3rnej partii w\u0142os\u00f3w w\u00a0r\u00f3\u017cnych kierunkach)<\/li>\n<li>wra\u017cenie, \u017ce na linii czo\u0142a w\u0142osy wyrastaj\u0105 z\u00a0prawdziwej sk\u00f3ry g\u0142owy<\/li>\n<li>mo\u017cliwo\u015b\u0107 zaczesywania w\u0142os\u00f3w do g\u00f3ry<\/li>\n<li>mo\u017cliwo\u015b\u0107 noszenia fryzury bez grzywki<\/li>\n<\/ul>\n<p>&nbsp;<\/p>\n<p>Ponadto\u00a0<strong>peruka syntetyczna Spring Mono<\/strong>\u00a0zachowuje kszta\u0142t i\u00a0nie wymaga modelowania &#8211; wystarczy j\u0105 za\u0142o\u017cy\u0107 i\u00a0przeczesa\u0107 palcami, aby fryzura dobrze wygl\u0105da\u0142a.<\/p>\n<p>Modelka na zdj\u0119ciu nosi kolor\u00a0<i>hazelnut\/mix<\/i>.<\/p>\n<\/div>\n<\/li>\n<\/ul>\n<\/li>\n<\/ul>\n","protected":false},"excerpt":{"rendered":"<p>Producent:\u00a0Ellen Wille Produkt na zam\u00f3wienie Czas realizacji:\u00a07 dni roboczych Model Spring Mono to\u00a0peruka z\u00a0w\u0142os\u00f3w syntetycznych\u00a0utkanych na bazie, kt\u00f3r\u0105 charakteryzuje wykonanie maszynowe na tresach, mikrosk\u00f3ra na g\u00f3rnej cz\u0119\u015bci g\u0142owy oraz linia rozmyta z\u00a0przodu. Kolor oferowanej fryzury pokazany jest w\u00a0kwadracie obok zdj\u0119cia z\u00a0modelk\u0105. Dzi\u0119ki bazie peruki Spring Mono zyskujesz: naturalny prze\u015bwit sk\u00f3ry na g\u00f3rze g\u0142owy wra\u017cenie, \u017ce [&hellip;]<\/p>\n","protected":false},"featured_media":276,"comment_status":"open","ping_status":"closed","template":"","meta":[],"product_cat":[16,17],"product_tag":[],"class_list":["post-252","product","type-product","status-publish","has-post-thumbnail","hentry","product_cat-peruki","product_cat-peruki-damskie","product-grid-view"],"_links":{"self":[{"href":"https:\/\/perukikrakow.com.pl\/sklep\/wp-json\/wp\/v2\/product\/252","targetHints":{"allow":["GET"]}}],"collection":[{"href":"https:\/\/perukikrakow.com.pl\/sklep\/wp-json\/wp\/v2\/product"}],"about":[{"href":"https:\/\/perukikrakow.com.pl\/sklep\/wp-json\/wp\/v2\/types\/product"}],"replies":[{"embeddable":true,"href":"https:\/\/perukikrakow.com.pl\/sklep\/wp-json\/wp\/v2\/comments?post=252"}],"wp:featuredmedia":[{"embeddable":true,"href":"https:\/\/perukikrakow.com.pl\/sklep\/wp-json\/wp\/v2\/media\/276"}],"wp:attachment":[{"href":"https:\/\/perukikrakow.com.pl\/sklep\/wp-json\/wp\/v2\/media?parent=252"}],"wp:term":[{"taxonomy":"product_cat","embeddable":true,"href":"https:\/\/perukikrakow.com.pl\/sklep\/wp-json\/wp\/v2\/product_cat?post=252"},{"taxonomy":"product_tag","embeddable":true,"href":"https:\/\/perukikrakow.com.pl\/sklep\/wp-json\/wp\/v2\/product_tag?post=252"}],"curies":[{"name":"wp","href":"https:\/\/api.w.org\/{rel}","templated":true}]}}