{"id":2509,"date":"2022-06-21T07:46:29","date_gmt":"2022-06-21T05:46:29","guid":{"rendered":"https:\/\/perukikrakow.com.pl\/sklep\/?post_type=product&#038;p=2509"},"modified":"2022-07-13T03:50:30","modified_gmt":"2022-07-13T01:50:30","slug":"sangria-mahagoni-schwarz-dopinka-syntetyczna","status":"publish","type":"product","link":"https:\/\/perukikrakow.com.pl\/sklep\/produkt\/sangria-mahagoni-schwarz-dopinka-syntetyczna\/","title":{"rendered":"SANGRIA mahagoni\/schwarz* dopinka syntetyczna"},"content":{"rendered":"<p><img decoding=\"async\" src=\"https:\/\/perukikrakow.com.pl\/sklep\/wp-content\/uploads\/2022\/06\/ellen-wille_logo_11zon-1.jpg\" alt=\"ellen wille\" \/><br \/>\nWykonana z w\u0142osa syntetycznego, do\u015b\u0107 d\u0142uga falowana treska z mocowaniem na jedn\u0105 klamr\u0119.<\/p>\n<p>D\u0142ugo\u015b\u0107 w\u0142osa: cieniowanie 35-60cm<\/p>\n","protected":false},"excerpt":{"rendered":"<p>Wykonana z w\u0142osa syntetycznego, do\u015b\u0107 d\u0142uga falowana treska z mocowaniem na jedn\u0105 klamr\u0119. D\u0142ugo\u015b\u0107 w\u0142osa: cieniowanie 35-60cm<\/p>\n","protected":false},"featured_media":2538,"comment_status":"open","ping_status":"closed","template":"","meta":[],"product_cat":[39,29,26],"product_tag":[],"class_list":["post-2509","product","type-product","status-publish","has-post-thumbnail","hentry","product_cat-ellen-wille","product_cat-syntetyczne-treski","product_cat-treski","product-grid-view"],"_links":{"self":[{"href":"https:\/\/perukikrakow.com.pl\/sklep\/wp-json\/wp\/v2\/product\/2509","targetHints":{"allow":["GET"]}}],"collection":[{"href":"https:\/\/perukikrakow.com.pl\/sklep\/wp-json\/wp\/v2\/product"}],"about":[{"href":"https:\/\/perukikrakow.com.pl\/sklep\/wp-json\/wp\/v2\/types\/product"}],"replies":[{"embeddable":true,"href":"https:\/\/perukikrakow.com.pl\/sklep\/wp-json\/wp\/v2\/comments?post=2509"}],"wp:featuredmedia":[{"embeddable":true,"href":"https:\/\/perukikrakow.com.pl\/sklep\/wp-json\/wp\/v2\/media\/2538"}],"wp:attachment":[{"href":"https:\/\/perukikrakow.com.pl\/sklep\/wp-json\/wp\/v2\/media?parent=2509"}],"wp:term":[{"taxonomy":"product_cat","embeddable":true,"href":"https:\/\/perukikrakow.com.pl\/sklep\/wp-json\/wp\/v2\/product_cat?post=2509"},{"taxonomy":"product_tag","embeddable":true,"href":"https:\/\/perukikrakow.com.pl\/sklep\/wp-json\/wp\/v2\/product_tag?post=2509"}],"curies":[{"name":"wp","href":"https:\/\/api.w.org\/{rel}","templated":true}]}}