{"id":2469,"date":"2022-06-17T07:13:24","date_gmt":"2022-06-17T05:13:24","guid":{"rendered":"https:\/\/perukikrakow.com.pl\/sklep\/?post_type=product&#038;p=2469"},"modified":"2022-07-13T03:49:59","modified_gmt":"2022-07-13T01:49:59","slug":"sherry-kupfer-mahagoni-dopinka-syntetyczna","status":"publish","type":"product","link":"https:\/\/perukikrakow.com.pl\/sklep\/produkt\/sherry-kupfer-mahagoni-dopinka-syntetyczna\/","title":{"rendered":"SHERRY kupfer\/mahagoni* dopinka syntetyczna"},"content":{"rendered":"<p><img decoding=\"async\" src=\"https:\/\/perukikrakow.com.pl\/sklep\/wp-content\/uploads\/2022\/06\/ellen-wille_logo_11zon-1.jpg\" alt=\"ellen wille\" \/><br \/>\nTreska wykonana z kr\u0119conego w\u0142osa syntetycznego. Zak\u0142adana za pomoc\u0105 dw\u00f3ch klips\u00f3w typu &#8222;klik&#8221;.<\/p>\n<p>D\u0142ugo\u015b\u0107 w\u0142osa:\u00a013-15cm<\/p>\n","protected":false},"excerpt":{"rendered":"<p>Treska wykonana z kr\u0119conego w\u0142osa syntetycznego. Zak\u0142adana za pomoc\u0105 dw\u00f3ch klips\u00f3w typu &#8222;klik&#8221;. D\u0142ugo\u015b\u0107 w\u0142osa:\u00a013-15cm<\/p>\n","protected":false},"featured_media":2502,"comment_status":"open","ping_status":"closed","template":"","meta":[],"product_cat":[39,29,26],"product_tag":[],"class_list":["post-2469","product","type-product","status-publish","has-post-thumbnail","hentry","product_cat-ellen-wille","product_cat-syntetyczne-treski","product_cat-treski","product-grid-view"],"_links":{"self":[{"href":"https:\/\/perukikrakow.com.pl\/sklep\/wp-json\/wp\/v2\/product\/2469","targetHints":{"allow":["GET"]}}],"collection":[{"href":"https:\/\/perukikrakow.com.pl\/sklep\/wp-json\/wp\/v2\/product"}],"about":[{"href":"https:\/\/perukikrakow.com.pl\/sklep\/wp-json\/wp\/v2\/types\/product"}],"replies":[{"embeddable":true,"href":"https:\/\/perukikrakow.com.pl\/sklep\/wp-json\/wp\/v2\/comments?post=2469"}],"wp:featuredmedia":[{"embeddable":true,"href":"https:\/\/perukikrakow.com.pl\/sklep\/wp-json\/wp\/v2\/media\/2502"}],"wp:attachment":[{"href":"https:\/\/perukikrakow.com.pl\/sklep\/wp-json\/wp\/v2\/media?parent=2469"}],"wp:term":[{"taxonomy":"product_cat","embeddable":true,"href":"https:\/\/perukikrakow.com.pl\/sklep\/wp-json\/wp\/v2\/product_cat?post=2469"},{"taxonomy":"product_tag","embeddable":true,"href":"https:\/\/perukikrakow.com.pl\/sklep\/wp-json\/wp\/v2\/product_tag?post=2469"}],"curies":[{"name":"wp","href":"https:\/\/api.w.org\/{rel}","templated":true}]}}