{"id":2369,"date":"2022-06-17T06:15:35","date_gmt":"2022-06-17T04:15:35","guid":{"rendered":"https:\/\/perukikrakow.com.pl\/sklep\/?post_type=product&#038;p=2369"},"modified":"2024-07-11T12:25:52","modified_gmt":"2024-07-11T10:25:52","slug":"frappe-w-kolorze-black-dopinka-syntetyczna","status":"publish","type":"product","link":"https:\/\/perukikrakow.com.pl\/sklep\/produkt\/frappe-w-kolorze-black-dopinka-syntetyczna\/","title":{"rendered":"FRAPPE w kolorze black dopinka syntetyczna"},"content":{"rendered":"<p><img decoding=\"async\" src=\"https:\/\/perukikrakow.com.pl\/sklep\/wp-content\/uploads\/2022\/06\/ellen-wille_logo_11zon-1.jpg\" alt=\"ellen wille\" \/><br \/>\nTreska wykonana z w\u0142osa syntetycznego o mocnym pofalowaniu. Zak\u0142adana jest za pomoc\u0105 klamry.<\/p>\n<p>D\u0142ugo\u015b\u0107 w\u0142osa:\u00a012-20cm (cieniowanie)<\/p>\n","protected":false},"excerpt":{"rendered":"<p>Treska wykonana z w\u0142osa syntetycznego o mocnym pofalowaniu. Zak\u0142adana jest za pomoc\u0105 klamry. D\u0142ugo\u015b\u0107 w\u0142osa:\u00a012-20cm (cieniowanie)<\/p>\n","protected":false},"featured_media":2401,"comment_status":"open","ping_status":"closed","template":"","meta":[],"product_cat":[39,29,26],"product_tag":[],"class_list":["post-2369","product","type-product","status-publish","has-post-thumbnail","hentry","product_cat-ellen-wille","product_cat-syntetyczne-treski","product_cat-treski","product-grid-view"],"_links":{"self":[{"href":"https:\/\/perukikrakow.com.pl\/sklep\/wp-json\/wp\/v2\/product\/2369","targetHints":{"allow":["GET"]}}],"collection":[{"href":"https:\/\/perukikrakow.com.pl\/sklep\/wp-json\/wp\/v2\/product"}],"about":[{"href":"https:\/\/perukikrakow.com.pl\/sklep\/wp-json\/wp\/v2\/types\/product"}],"replies":[{"embeddable":true,"href":"https:\/\/perukikrakow.com.pl\/sklep\/wp-json\/wp\/v2\/comments?post=2369"}],"wp:featuredmedia":[{"embeddable":true,"href":"https:\/\/perukikrakow.com.pl\/sklep\/wp-json\/wp\/v2\/media\/2401"}],"wp:attachment":[{"href":"https:\/\/perukikrakow.com.pl\/sklep\/wp-json\/wp\/v2\/media?parent=2369"}],"wp:term":[{"taxonomy":"product_cat","embeddable":true,"href":"https:\/\/perukikrakow.com.pl\/sklep\/wp-json\/wp\/v2\/product_cat?post=2369"},{"taxonomy":"product_tag","embeddable":true,"href":"https:\/\/perukikrakow.com.pl\/sklep\/wp-json\/wp\/v2\/product_tag?post=2369"}],"curies":[{"name":"wp","href":"https:\/\/api.w.org\/{rel}","templated":true}]}}