{"id":2347,"date":"2022-06-17T06:13:34","date_gmt":"2022-06-17T04:13:34","guid":{"rendered":"https:\/\/perukikrakow.com.pl\/sklep\/?post_type=product&#038;p=2347"},"modified":"2022-07-13T03:45:45","modified_gmt":"2022-07-13T01:45:45","slug":"sambuca-coffee-mix-dopinka-syntetyczna","status":"publish","type":"product","link":"https:\/\/perukikrakow.com.pl\/sklep\/produkt\/sambuca-coffee-mix-dopinka-syntetyczna\/","title":{"rendered":"SAMBUCA coffee\/mix dopinka syntetyczna"},"content":{"rendered":"<p><img decoding=\"async\" src=\"https:\/\/perukikrakow.com.pl\/sklep\/wp-content\/uploads\/2022\/06\/ellen-wille_logo_11zon-1.jpg\" alt=\"ellen wille\" \/><br \/>\nTreska z\u0142o\u017cona z dw\u00f3ch pasm, wykonana z kr\u0119conego w\u0142osa syntetycznego. Obie cz\u0119\u015bci mocowane s\u0105 na klamr\u0119.<\/p>\n<p>D\u0142ugo\u015b\u0107 w\u0142osa: 2x 35 cm<\/p>\n","protected":false},"excerpt":{"rendered":"<p>Treska z\u0142o\u017cona z dw\u00f3ch pasm, wykonana z kr\u0119conego w\u0142osa syntetycznego. Obie cz\u0119\u015bci mocowane s\u0105 na klamr\u0119. D\u0142ugo\u015b\u0107 w\u0142osa: 2x 35 cm<\/p>\n","protected":false},"featured_media":2368,"comment_status":"open","ping_status":"closed","template":"","meta":[],"product_cat":[39,29,26],"product_tag":[],"class_list":["post-2347","product","type-product","status-publish","has-post-thumbnail","hentry","product_cat-ellen-wille","product_cat-syntetyczne-treski","product_cat-treski","product-grid-view"],"_links":{"self":[{"href":"https:\/\/perukikrakow.com.pl\/sklep\/wp-json\/wp\/v2\/product\/2347","targetHints":{"allow":["GET"]}}],"collection":[{"href":"https:\/\/perukikrakow.com.pl\/sklep\/wp-json\/wp\/v2\/product"}],"about":[{"href":"https:\/\/perukikrakow.com.pl\/sklep\/wp-json\/wp\/v2\/types\/product"}],"replies":[{"embeddable":true,"href":"https:\/\/perukikrakow.com.pl\/sklep\/wp-json\/wp\/v2\/comments?post=2347"}],"wp:featuredmedia":[{"embeddable":true,"href":"https:\/\/perukikrakow.com.pl\/sklep\/wp-json\/wp\/v2\/media\/2368"}],"wp:attachment":[{"href":"https:\/\/perukikrakow.com.pl\/sklep\/wp-json\/wp\/v2\/media?parent=2347"}],"wp:term":[{"taxonomy":"product_cat","embeddable":true,"href":"https:\/\/perukikrakow.com.pl\/sklep\/wp-json\/wp\/v2\/product_cat?post=2347"},{"taxonomy":"product_tag","embeddable":true,"href":"https:\/\/perukikrakow.com.pl\/sklep\/wp-json\/wp\/v2\/product_tag?post=2347"}],"curies":[{"name":"wp","href":"https:\/\/api.w.org\/{rel}","templated":true}]}}