{"id":2296,"date":"2022-06-17T06:04:57","date_gmt":"2022-06-17T04:04:57","guid":{"rendered":"https:\/\/perukikrakow.com.pl\/sklep\/?post_type=product&#038;p=2296"},"modified":"2022-07-13T03:44:25","modified_gmt":"2022-07-13T01:44:25","slug":"quick-in-lighthoney-mix-dopinka-syntetyczna","status":"publish","type":"product","link":"https:\/\/perukikrakow.com.pl\/sklep\/produkt\/quick-in-lighthoney-mix-dopinka-syntetyczna\/","title":{"rendered":"QUICK IN lighthoney\/mix dopinka syntetyczna"},"content":{"rendered":"<p><img decoding=\"async\" src=\"https:\/\/perukikrakow.com.pl\/sklep\/wp-content\/uploads\/2022\/06\/ellen-wille_logo_11zon-1.jpg\" alt=\"ellen wille\" \/><br \/>\nDopinka wykonana z\u00a0w\u0142osa syntetycznego. Utkana jest na p\u00f3\u0142kolistej tresie, kt\u00f3r\u0105 nast\u0119pnie mocuje si\u0119 za pomoc\u0105 siedmiu klips\u00f3w typu &#8222;klik&#8221;.<\/p>\n<p>D\u0142ugo\u015b\u0107 w\u0142osa: cieniowanie 22-50cm<\/p>\n","protected":false},"excerpt":{"rendered":"<p>Dopinka wykonana z\u00a0w\u0142osa syntetycznego. Utkana jest na p\u00f3\u0142kolistej tresie, kt\u00f3r\u0105 nast\u0119pnie mocuje si\u0119 za pomoc\u0105 siedmiu klips\u00f3w typu &#8222;klik&#8221;. D\u0142ugo\u015b\u0107 w\u0142osa: cieniowanie 22-50cm<\/p>\n","protected":false},"featured_media":2322,"comment_status":"open","ping_status":"closed","template":"","meta":[],"product_cat":[29,26],"product_tag":[],"class_list":["post-2296","product","type-product","status-publish","has-post-thumbnail","hentry","product_cat-syntetyczne-treski","product_cat-treski","product-grid-view"],"_links":{"self":[{"href":"https:\/\/perukikrakow.com.pl\/sklep\/wp-json\/wp\/v2\/product\/2296","targetHints":{"allow":["GET"]}}],"collection":[{"href":"https:\/\/perukikrakow.com.pl\/sklep\/wp-json\/wp\/v2\/product"}],"about":[{"href":"https:\/\/perukikrakow.com.pl\/sklep\/wp-json\/wp\/v2\/types\/product"}],"replies":[{"embeddable":true,"href":"https:\/\/perukikrakow.com.pl\/sklep\/wp-json\/wp\/v2\/comments?post=2296"}],"wp:featuredmedia":[{"embeddable":true,"href":"https:\/\/perukikrakow.com.pl\/sklep\/wp-json\/wp\/v2\/media\/2322"}],"wp:attachment":[{"href":"https:\/\/perukikrakow.com.pl\/sklep\/wp-json\/wp\/v2\/media?parent=2296"}],"wp:term":[{"taxonomy":"product_cat","embeddable":true,"href":"https:\/\/perukikrakow.com.pl\/sklep\/wp-json\/wp\/v2\/product_cat?post=2296"},{"taxonomy":"product_tag","embeddable":true,"href":"https:\/\/perukikrakow.com.pl\/sklep\/wp-json\/wp\/v2\/product_tag?post=2296"}],"curies":[{"name":"wp","href":"https:\/\/api.w.org\/{rel}","templated":true}]}}