{"id":2164,"date":"2022-06-17T05:36:02","date_gmt":"2022-06-17T03:36:02","guid":{"rendered":"https:\/\/perukikrakow.com.pl\/sklep\/?post_type=product&#038;p=2164"},"modified":"2022-07-13T03:42:06","modified_gmt":"2022-07-13T01:42:06","slug":"mint-w-kolorze-espresso-mix-dopinka-syntetyczna","status":"publish","type":"product","link":"https:\/\/perukikrakow.com.pl\/sklep\/produkt\/mint-w-kolorze-espresso-mix-dopinka-syntetyczna\/","title":{"rendered":"MINT w kolorze espresso\/mix* dopinka syntetyczna"},"content":{"rendered":"<p><img decoding=\"async\" src=\"https:\/\/perukikrakow.com.pl\/sklep\/wp-content\/uploads\/2022\/06\/ellen-wille_logo_11zon-1.jpg\" alt=\"ellen wille\" \/><br \/>\nDopinka w formie opaski pod turban lub czapk\u0119. Produkt wykonany z\u00a0w\u0142osa syntetycznego.<br \/>\nGrzywka uszyta jest na elastycznej ta\u015bmie &#8211; z\u00a0przodu i\u00a0z\u00a0ty\u0142u szeroki pasek z\u00a0mi\u0142\u0105 w\u00a0dotyku powierzchni\u0105, po bokach szeroka tekstylna guma.<br \/>\nDopinka nie podra\u017cnia sk\u00f3ry, a\u00a0umo\u017cliwia ciekawy i estetyczny wygl\u0105d.<\/p>\n<p>D\u0142ugo\u015b\u0107 w\u0142osa: 8-10 cm.<\/p>\n","protected":false},"excerpt":{"rendered":"<p>Dopinka w formie opaski pod turban lub czapk\u0119. Produkt wykonany z\u00a0w\u0142osa syntetycznego. Grzywka uszyta jest na elastycznej ta\u015bmie &#8211; z\u00a0przodu i\u00a0z\u00a0ty\u0142u szeroki pasek z\u00a0mi\u0142\u0105 w\u00a0dotyku powierzchni\u0105, po bokach szeroka tekstylna guma. Dopinka nie podra\u017cnia sk\u00f3ry, a\u00a0umo\u017cliwia ciekawy i estetyczny wygl\u0105d. D\u0142ugo\u015b\u0107 w\u0142osa: 8-10 cm.<\/p>\n","protected":false},"featured_media":2196,"comment_status":"open","ping_status":"closed","template":"","meta":[],"product_cat":[39,29,26],"product_tag":[],"class_list":["post-2164","product","type-product","status-publish","has-post-thumbnail","hentry","product_cat-ellen-wille","product_cat-syntetyczne-treski","product_cat-treski","product-grid-view"],"_links":{"self":[{"href":"https:\/\/perukikrakow.com.pl\/sklep\/wp-json\/wp\/v2\/product\/2164","targetHints":{"allow":["GET"]}}],"collection":[{"href":"https:\/\/perukikrakow.com.pl\/sklep\/wp-json\/wp\/v2\/product"}],"about":[{"href":"https:\/\/perukikrakow.com.pl\/sklep\/wp-json\/wp\/v2\/types\/product"}],"replies":[{"embeddable":true,"href":"https:\/\/perukikrakow.com.pl\/sklep\/wp-json\/wp\/v2\/comments?post=2164"}],"wp:featuredmedia":[{"embeddable":true,"href":"https:\/\/perukikrakow.com.pl\/sklep\/wp-json\/wp\/v2\/media\/2196"}],"wp:attachment":[{"href":"https:\/\/perukikrakow.com.pl\/sklep\/wp-json\/wp\/v2\/media?parent=2164"}],"wp:term":[{"taxonomy":"product_cat","embeddable":true,"href":"https:\/\/perukikrakow.com.pl\/sklep\/wp-json\/wp\/v2\/product_cat?post=2164"},{"taxonomy":"product_tag","embeddable":true,"href":"https:\/\/perukikrakow.com.pl\/sklep\/wp-json\/wp\/v2\/product_tag?post=2164"}],"curies":[{"name":"wp","href":"https:\/\/api.w.org\/{rel}","templated":true}]}}