{"id":2141,"date":"2022-06-17T05:29:49","date_gmt":"2022-06-17T03:29:49","guid":{"rendered":"https:\/\/perukikrakow.com.pl\/sklep\/?post_type=product&#038;p=2141"},"modified":"2022-06-17T05:35:47","modified_gmt":"2022-06-17T03:35:47","slug":"bella-vita-10-12-siatka","status":"publish","type":"product","link":"https:\/\/perukikrakow.com.pl\/sklep\/produkt\/bella-vita-10-12-siatka\/","title":{"rendered":"BELLA VITA 10\/12 siatka"},"content":{"rendered":"<p>Syntetyczna dopinka utkana na tresie, mocowana na pi\u0119\u0107 klips\u00f3w typu &#8222;klik&#8221;. Umo\u017cliwia przeci\u0105gni\u0119cie w\u0142asnych w\u0142os\u00f3w pomi\u0119dzy tresami.<\/p>\n<p>D\u0142ugo\u015b w\u0142osa:\u00a020-35cm (cieniowanie)<\/p>\n","protected":false},"excerpt":{"rendered":"<p>Syntetyczna dopinka utkana na tresie, mocowana na pi\u0119\u0107 klips\u00f3w typu &#8222;klik&#8221;. Umo\u017cliwia przeci\u0105gni\u0119cie w\u0142asnych w\u0142os\u00f3w pomi\u0119dzy tresami. D\u0142ugo\u015b w\u0142osa:\u00a020-35cm (cieniowanie)<\/p>\n","protected":false},"featured_media":2163,"comment_status":"open","ping_status":"closed","template":"","meta":[],"product_cat":[29,26],"product_tag":[],"class_list":["post-2141","product","type-product","status-publish","has-post-thumbnail","hentry","product_cat-syntetyczne-treski","product_cat-treski","product-grid-view"],"_links":{"self":[{"href":"https:\/\/perukikrakow.com.pl\/sklep\/wp-json\/wp\/v2\/product\/2141","targetHints":{"allow":["GET"]}}],"collection":[{"href":"https:\/\/perukikrakow.com.pl\/sklep\/wp-json\/wp\/v2\/product"}],"about":[{"href":"https:\/\/perukikrakow.com.pl\/sklep\/wp-json\/wp\/v2\/types\/product"}],"replies":[{"embeddable":true,"href":"https:\/\/perukikrakow.com.pl\/sklep\/wp-json\/wp\/v2\/comments?post=2141"}],"wp:featuredmedia":[{"embeddable":true,"href":"https:\/\/perukikrakow.com.pl\/sklep\/wp-json\/wp\/v2\/media\/2163"}],"wp:attachment":[{"href":"https:\/\/perukikrakow.com.pl\/sklep\/wp-json\/wp\/v2\/media?parent=2141"}],"wp:term":[{"taxonomy":"product_cat","embeddable":true,"href":"https:\/\/perukikrakow.com.pl\/sklep\/wp-json\/wp\/v2\/product_cat?post=2141"},{"taxonomy":"product_tag","embeddable":true,"href":"https:\/\/perukikrakow.com.pl\/sklep\/wp-json\/wp\/v2\/product_tag?post=2141"}],"curies":[{"name":"wp","href":"https:\/\/api.w.org\/{rel}","templated":true}]}}