{"id":1979,"date":"2022-06-14T09:26:43","date_gmt":"2022-06-14T07:26:43","guid":{"rendered":"https:\/\/perukikrakow.com.pl\/sklep\/?post_type=product&#038;p=1979"},"modified":"2022-06-14T09:29:32","modified_gmt":"2022-06-14T07:29:32","slug":"bamo-25cm-kolor-2-dopinka-naturalna","status":"publish","type":"product","link":"https:\/\/perukikrakow.com.pl\/sklep\/produkt\/bamo-25cm-kolor-2-dopinka-naturalna\/","title":{"rendered":"BAMO 25cm, kolor 2 dopinka naturalna"},"content":{"rendered":"<p>Produkt wykonany z naturalnego w\u0142osa s\u0142owia\u0144skiego w kolorze nr 2 i d\u0142ugo\u015bci 25cm. W\u0142osy s\u0105 niemodyfikowane, a dopinka b\u0119dzie doskona\u0142ym uzupe\u0142nieniem z mo\u017cliwo\u015bci\u0105 przeplotu w\u0142asnych w\u0142os\u00f3w przez oczka.<br \/>\nBaza o \u015brednicy ok. 12,5cm.<\/p>\n","protected":false},"excerpt":{"rendered":"<p>Produkt wykonany z naturalnego w\u0142osa s\u0142owia\u0144skiego w kolorze nr 2 i d\u0142ugo\u015bci 25cm. W\u0142osy s\u0105 niemodyfikowane, a dopinka b\u0119dzie doskona\u0142ym uzupe\u0142nieniem z mo\u017cliwo\u015bci\u0105 przeplotu w\u0142asnych w\u0142os\u00f3w przez oczka. Baza o \u015brednicy ok. 12,5cm.<\/p>\n","protected":false},"featured_media":1995,"comment_status":"open","ping_status":"closed","template":"","meta":[],"product_cat":[27,26],"product_tag":[],"class_list":["post-1979","product","type-product","status-publish","has-post-thumbnail","hentry","product_cat-naturalne-treski","product_cat-treski","product-grid-view"],"_links":{"self":[{"href":"https:\/\/perukikrakow.com.pl\/sklep\/wp-json\/wp\/v2\/product\/1979","targetHints":{"allow":["GET"]}}],"collection":[{"href":"https:\/\/perukikrakow.com.pl\/sklep\/wp-json\/wp\/v2\/product"}],"about":[{"href":"https:\/\/perukikrakow.com.pl\/sklep\/wp-json\/wp\/v2\/types\/product"}],"replies":[{"embeddable":true,"href":"https:\/\/perukikrakow.com.pl\/sklep\/wp-json\/wp\/v2\/comments?post=1979"}],"wp:featuredmedia":[{"embeddable":true,"href":"https:\/\/perukikrakow.com.pl\/sklep\/wp-json\/wp\/v2\/media\/1995"}],"wp:attachment":[{"href":"https:\/\/perukikrakow.com.pl\/sklep\/wp-json\/wp\/v2\/media?parent=1979"}],"wp:term":[{"taxonomy":"product_cat","embeddable":true,"href":"https:\/\/perukikrakow.com.pl\/sklep\/wp-json\/wp\/v2\/product_cat?post=1979"},{"taxonomy":"product_tag","embeddable":true,"href":"https:\/\/perukikrakow.com.pl\/sklep\/wp-json\/wp\/v2\/product_tag?post=1979"}],"curies":[{"name":"wp","href":"https:\/\/api.w.org\/{rel}","templated":true}]}}