{"id":1885,"date":"2022-06-14T09:03:39","date_gmt":"2022-06-14T07:03:39","guid":{"rendered":"https:\/\/perukikrakow.com.pl\/sklep\/?post_type=product&#038;p=1885"},"modified":"2022-06-14T09:09:19","modified_gmt":"2022-06-14T07:09:19","slug":"lux-bubble-me-kolor-12","status":"publish","type":"product","link":"https:\/\/perukikrakow.com.pl\/sklep\/produkt\/lux-bubble-me-kolor-12\/","title":{"rendered":"LUX BUBBLE ME kolor 12"},"content":{"rendered":"<p>Doskona\u0142ej jako\u015bci koczek na gumce wykreowany z\u00a0my\u015bl\u0105 o\u00a0kobietach, kt\u00f3re uwielbiaj\u0105 nosi\u0107 upi\u0119te w\u0142osy i\u00a0zale\u017cy im na doskona\u0142ym wygl\u0105dzie fryzury.<\/p>\n<p>Stworzony jest z\u00a0naturalnych dziewiczych w\u0142os\u00f3w s\u0142owia\u0144skich: maj\u0105 zachowan\u0105 \u0142usk\u0119 w\u0142osa, nie by\u0142y farbowane ani poddawane zabiegom chemicznym. W\u0142osy te umieszczone s\u0105 na specjalnej tasiemce, kt\u00f3ra nast\u0119pnie spiralnie oplata elastyczn\u0105 gumk\u0119 daj\u0105c efekt g\u0119stego &#8222;gniazdka&#8221;.<\/p>\n<p>Teraz nawet maj\u0105c cienkie i\u00a0niezbyt g\u0119ste w\u0142osy mo\u017cna osi\u0105gn\u0105\u0107 rezultat w\u00a0postaci pi\u0119knego, zwichrzonego koczka.<\/p>\n<p>\u0141atwa w\u00a0za\u0142o\u017ceniu, g\u0142adka i\u00a0naturalnie l\u015bni\u0105ca Bubble Me mo\u017ce by\u0107 w\u00a0razie potrzeby suszona i\u00a0farbowana.<\/p>\n<p>&nbsp;<\/p>\n<p>Waga: 23g<\/p>\n<p>D\u0142ugo\u015b\u0107 w\u0142os\u00f3w: 11cm<\/p>\n","protected":false},"excerpt":{"rendered":"<p>Doskona\u0142ej jako\u015bci koczek na gumce wykreowany z\u00a0my\u015bl\u0105 o\u00a0kobietach, kt\u00f3re uwielbiaj\u0105 nosi\u0107 upi\u0119te w\u0142osy i\u00a0zale\u017cy im na doskona\u0142ym wygl\u0105dzie fryzury. Stworzony jest z\u00a0naturalnych dziewiczych w\u0142os\u00f3w s\u0142owia\u0144skich: maj\u0105 zachowan\u0105 \u0142usk\u0119 w\u0142osa, nie by\u0142y farbowane ani poddawane zabiegom chemicznym. W\u0142osy te umieszczone s\u0105 na specjalnej tasiemce, kt\u00f3ra nast\u0119pnie spiralnie oplata elastyczn\u0105 gumk\u0119 daj\u0105c efekt g\u0119stego &#8222;gniazdka&#8221;. Teraz nawet [&hellip;]<\/p>\n","protected":false},"featured_media":1910,"comment_status":"open","ping_status":"closed","template":"","meta":[],"product_cat":[27,26],"product_tag":[],"class_list":["post-1885","product","type-product","status-publish","has-post-thumbnail","hentry","product_cat-naturalne-treski","product_cat-treski","product-grid-view"],"_links":{"self":[{"href":"https:\/\/perukikrakow.com.pl\/sklep\/wp-json\/wp\/v2\/product\/1885","targetHints":{"allow":["GET"]}}],"collection":[{"href":"https:\/\/perukikrakow.com.pl\/sklep\/wp-json\/wp\/v2\/product"}],"about":[{"href":"https:\/\/perukikrakow.com.pl\/sklep\/wp-json\/wp\/v2\/types\/product"}],"replies":[{"embeddable":true,"href":"https:\/\/perukikrakow.com.pl\/sklep\/wp-json\/wp\/v2\/comments?post=1885"}],"wp:featuredmedia":[{"embeddable":true,"href":"https:\/\/perukikrakow.com.pl\/sklep\/wp-json\/wp\/v2\/media\/1910"}],"wp:attachment":[{"href":"https:\/\/perukikrakow.com.pl\/sklep\/wp-json\/wp\/v2\/media?parent=1885"}],"wp:term":[{"taxonomy":"product_cat","embeddable":true,"href":"https:\/\/perukikrakow.com.pl\/sklep\/wp-json\/wp\/v2\/product_cat?post=1885"},{"taxonomy":"product_tag","embeddable":true,"href":"https:\/\/perukikrakow.com.pl\/sklep\/wp-json\/wp\/v2\/product_tag?post=1885"}],"curies":[{"name":"wp","href":"https:\/\/api.w.org\/{rel}","templated":true}]}}