{"id":1801,"date":"2022-06-13T10:13:24","date_gmt":"2022-06-13T08:13:24","guid":{"rendered":"https:\/\/perukikrakow.com.pl\/sklep\/?post_type=product&#038;p=1801"},"modified":"2022-07-13T04:12:20","modified_gmt":"2022-07-13T02:12:20","slug":"matrix-w-kolorze-coffee-mix-kolekcja-top-power","status":"publish","type":"product","link":"https:\/\/perukikrakow.com.pl\/sklep\/produkt\/matrix-w-kolorze-coffee-mix-kolekcja-top-power\/","title":{"rendered":"MATRIX w kolorze coffee\/mix Kolekcja TOP POWER"},"content":{"rendered":"<p><img decoding=\"async\" src=\"https:\/\/perukikrakow.com.pl\/sklep\/wp-content\/uploads\/2022\/06\/ellen-wille_logo_11zon-1.jpg\" alt=\"ellen wille\" \/><\/p>\n<div id=\"description-long\" class=\"description tinymce_html col-xs-12\">\n<div id=\"description-long\" class=\"description tinymce_html col-xs-12\">\n<p>Topper wykonany z\u00a0w\u0142osa naturalnego indyjskiego. Dzi\u0119ki linii rozmytej w\u0142osy nad czo\u0142em sprawiaj\u0105 wra\u017cenie wyrastaj\u0105cych z\u00a0prawdziwej sk\u00f3ry, a\u00a0cztery spineczki zapewniaj\u0105 \u0142atwe mocowanie na g\u0142owie.<\/p>\n<p>Baza: 16x17cm<\/p>\n<p>D\u0142ugo\u015b\u0107 w\u0142osa: cieniowanie 32-40cm<\/p>\n<\/div>\n<\/div>\n","protected":false},"excerpt":{"rendered":"<p>Topper wykonany z\u00a0w\u0142osa naturalnego indyjskiego. Dzi\u0119ki linii rozmytej w\u0142osy nad czo\u0142em sprawiaj\u0105 wra\u017cenie wyrastaj\u0105cych z\u00a0prawdziwej sk\u00f3ry, a\u00a0cztery spineczki zapewniaj\u0105 \u0142atwe mocowanie na g\u0142owie. Baza: 16x17cm D\u0142ugo\u015b\u0107 w\u0142osa: cieniowanie 32-40cm<\/p>\n","protected":false},"featured_media":1818,"comment_status":"open","ping_status":"closed","template":"","meta":[],"product_cat":[39,25,23],"product_tag":[],"class_list":["post-1801","product","type-product","status-publish","has-post-thumbnail","hentry","product_cat-ellen-wille","product_cat-naturalne-toppry","product_cat-toppry","product-grid-view"],"_links":{"self":[{"href":"https:\/\/perukikrakow.com.pl\/sklep\/wp-json\/wp\/v2\/product\/1801","targetHints":{"allow":["GET"]}}],"collection":[{"href":"https:\/\/perukikrakow.com.pl\/sklep\/wp-json\/wp\/v2\/product"}],"about":[{"href":"https:\/\/perukikrakow.com.pl\/sklep\/wp-json\/wp\/v2\/types\/product"}],"replies":[{"embeddable":true,"href":"https:\/\/perukikrakow.com.pl\/sklep\/wp-json\/wp\/v2\/comments?post=1801"}],"wp:featuredmedia":[{"embeddable":true,"href":"https:\/\/perukikrakow.com.pl\/sklep\/wp-json\/wp\/v2\/media\/1818"}],"wp:attachment":[{"href":"https:\/\/perukikrakow.com.pl\/sklep\/wp-json\/wp\/v2\/media?parent=1801"}],"wp:term":[{"taxonomy":"product_cat","embeddable":true,"href":"https:\/\/perukikrakow.com.pl\/sklep\/wp-json\/wp\/v2\/product_cat?post=1801"},{"taxonomy":"product_tag","embeddable":true,"href":"https:\/\/perukikrakow.com.pl\/sklep\/wp-json\/wp\/v2\/product_tag?post=1801"}],"curies":[{"name":"wp","href":"https:\/\/api.w.org\/{rel}","templated":true}]}}