{"id":1795,"date":"2022-06-13T10:11:52","date_gmt":"2022-06-13T08:11:52","guid":{"rendered":"https:\/\/perukikrakow.com.pl\/sklep\/?post_type=product&#038;p=1795"},"modified":"2022-06-13T10:13:19","modified_gmt":"2022-06-13T08:13:19","slug":"nilla-25cm-8-12-topper-naturalny","status":"publish","type":"product","link":"https:\/\/perukikrakow.com.pl\/sklep\/produkt\/nilla-25cm-8-12-topper-naturalny\/","title":{"rendered":"NILLA 25cm 8\/12 topper naturalny"},"content":{"rendered":"<div id=\"description-long\" class=\"description tinymce_html col-xs-12\">\n<div id=\"description-long\" class=\"description tinymce_html col-xs-12\">\n<p><strong>Dopinka z w\u0142osa naturalnego s\u0142owia\u0144skiego<\/strong><\/p>\n<ul>\n<li>Jest mocowana za pomoc\u0105 klips\u00f3w<\/li>\n<li>W\u0142osy s\u0105 ca\u0142kowicie niemodyfikowane<\/li>\n<li>Baz\u0119 wykonano z mikrosk\u00f3ry (inaczej monofilamentu) i poliuretanu<\/li>\n<li>Posiada z przodu lini\u0119 rozmyt\u0105, kt\u00f3ra zapewnia \u0142adny naturalny efekt<\/li>\n<\/ul>\n<p>D\u0142ugo\u015b\u0107 w\u0142os\u00f3w to: 25cm, a baza ma wymiar: 8,5-9,5x14cm<\/p>\n<h5>Produkt wykonany jest z najlepszych naturalnych w\u0142os\u00f3w s\u0142owia\u0144skich.<br \/>\nOznacza to, \u017ce w zale\u017cno\u015bci od potrzeby w\u0142osy mog\u0105 by\u0107 przyci\u0119te, wymodelowane, a tak\u017ce pofarbowane lub rozja\u015bnione.<\/h5>\n<\/div>\n<\/div>\n","protected":false},"excerpt":{"rendered":"<p>Dopinka z w\u0142osa naturalnego s\u0142owia\u0144skiego Jest mocowana za pomoc\u0105 klips\u00f3w W\u0142osy s\u0105 ca\u0142kowicie niemodyfikowane Baz\u0119 wykonano z mikrosk\u00f3ry (inaczej monofilamentu) i poliuretanu Posiada z przodu lini\u0119 rozmyt\u0105, kt\u00f3ra zapewnia \u0142adny naturalny efekt D\u0142ugo\u015b\u0107 w\u0142os\u00f3w to: 25cm, a baza ma wymiar: 8,5-9,5x14cm Produkt wykonany jest z najlepszych naturalnych w\u0142os\u00f3w s\u0142owia\u0144skich. Oznacza to, \u017ce w zale\u017cno\u015bci od [&hellip;]<\/p>\n","protected":false},"featured_media":1800,"comment_status":"open","ping_status":"closed","template":"","meta":[],"product_cat":[25,23],"product_tag":[],"class_list":["post-1795","product","type-product","status-publish","has-post-thumbnail","hentry","product_cat-naturalne-toppry","product_cat-toppry","product-grid-view"],"_links":{"self":[{"href":"https:\/\/perukikrakow.com.pl\/sklep\/wp-json\/wp\/v2\/product\/1795","targetHints":{"allow":["GET"]}}],"collection":[{"href":"https:\/\/perukikrakow.com.pl\/sklep\/wp-json\/wp\/v2\/product"}],"about":[{"href":"https:\/\/perukikrakow.com.pl\/sklep\/wp-json\/wp\/v2\/types\/product"}],"replies":[{"embeddable":true,"href":"https:\/\/perukikrakow.com.pl\/sklep\/wp-json\/wp\/v2\/comments?post=1795"}],"wp:featuredmedia":[{"embeddable":true,"href":"https:\/\/perukikrakow.com.pl\/sklep\/wp-json\/wp\/v2\/media\/1800"}],"wp:attachment":[{"href":"https:\/\/perukikrakow.com.pl\/sklep\/wp-json\/wp\/v2\/media?parent=1795"}],"wp:term":[{"taxonomy":"product_cat","embeddable":true,"href":"https:\/\/perukikrakow.com.pl\/sklep\/wp-json\/wp\/v2\/product_cat?post=1795"},{"taxonomy":"product_tag","embeddable":true,"href":"https:\/\/perukikrakow.com.pl\/sklep\/wp-json\/wp\/v2\/product_tag?post=1795"}],"curies":[{"name":"wp","href":"https:\/\/api.w.org\/{rel}","templated":true}]}}