{"id":1693,"date":"2022-06-13T09:43:35","date_gmt":"2022-06-13T07:43:35","guid":{"rendered":"https:\/\/perukikrakow.com.pl\/sklep\/?post_type=product&#038;p=1693"},"modified":"2022-06-13T09:47:01","modified_gmt":"2022-06-13T07:47:01","slug":"stilla-30cm-10-topper-naturalny","status":"publish","type":"product","link":"https:\/\/perukikrakow.com.pl\/sklep\/produkt\/stilla-30cm-10-topper-naturalny\/","title":{"rendered":"STILLA &#8211; 30cm 10 &#8221; topper naturalny"},"content":{"rendered":"<p><strong>Dopinka z w\u0142osa naturalnego s\u0142owia\u0144skiego<\/strong><\/p>\n<ul>\n<li>Jest mocowana za pomoc\u0105 doszytych klips\u00f3w, albo ta\u015bm mocuj\u0105cych<\/li>\n<li>W\u0142osy s\u0105 ca\u0142kowicie niemodyfikowane<\/li>\n<li>Okr\u0105g\u0142\u0105 baz\u0119 wykonano z mikrosk\u00f3ry (inaczej monofilamentu) i poliuretanu<\/li>\n<\/ul>\n<p>D\u0142ugo\u015b\u0107 w\u0142os\u00f3w to: 30cm, a baza ma wymiar: 17x17cm<\/p>\n<h5>Produkt wykonany jest z najlepszych naturalnych w\u0142os\u00f3w s\u0142owia\u0144skich.<br \/>\nOznacza to, \u017ce w zale\u017cno\u015bci od potrzeby w\u0142osy mog\u0105 by\u0107 przyci\u0119te, wymodelowane, a tak\u017ce pofarbowane lub rozja\u015bnione.<\/h5>\n","protected":false},"excerpt":{"rendered":"<p>Dopinka z w\u0142osa naturalnego s\u0142owia\u0144skiego Jest mocowana za pomoc\u0105 doszytych klips\u00f3w, albo ta\u015bm mocuj\u0105cych W\u0142osy s\u0105 ca\u0142kowicie niemodyfikowane Okr\u0105g\u0142\u0105 baz\u0119 wykonano z mikrosk\u00f3ry (inaczej monofilamentu) i poliuretanu D\u0142ugo\u015b\u0107 w\u0142os\u00f3w to: 30cm, a baza ma wymiar: 17x17cm Produkt wykonany jest z najlepszych naturalnych w\u0142os\u00f3w s\u0142owia\u0144skich. Oznacza to, \u017ce w zale\u017cno\u015bci od potrzeby w\u0142osy mog\u0105 by\u0107 przyci\u0119te, [&hellip;]<\/p>\n","protected":false},"featured_media":1711,"comment_status":"open","ping_status":"closed","template":"","meta":[],"product_cat":[25,23],"product_tag":[],"class_list":["post-1693","product","type-product","status-publish","has-post-thumbnail","hentry","product_cat-naturalne-toppry","product_cat-toppry","product-grid-view"],"_links":{"self":[{"href":"https:\/\/perukikrakow.com.pl\/sklep\/wp-json\/wp\/v2\/product\/1693","targetHints":{"allow":["GET"]}}],"collection":[{"href":"https:\/\/perukikrakow.com.pl\/sklep\/wp-json\/wp\/v2\/product"}],"about":[{"href":"https:\/\/perukikrakow.com.pl\/sklep\/wp-json\/wp\/v2\/types\/product"}],"replies":[{"embeddable":true,"href":"https:\/\/perukikrakow.com.pl\/sklep\/wp-json\/wp\/v2\/comments?post=1693"}],"wp:featuredmedia":[{"embeddable":true,"href":"https:\/\/perukikrakow.com.pl\/sklep\/wp-json\/wp\/v2\/media\/1711"}],"wp:attachment":[{"href":"https:\/\/perukikrakow.com.pl\/sklep\/wp-json\/wp\/v2\/media?parent=1693"}],"wp:term":[{"taxonomy":"product_cat","embeddable":true,"href":"https:\/\/perukikrakow.com.pl\/sklep\/wp-json\/wp\/v2\/product_cat?post=1693"},{"taxonomy":"product_tag","embeddable":true,"href":"https:\/\/perukikrakow.com.pl\/sklep\/wp-json\/wp\/v2\/product_tag?post=1693"}],"curies":[{"name":"wp","href":"https:\/\/api.w.org\/{rel}","templated":true}]}}