{"id":1617,"date":"2022-06-13T09:17:16","date_gmt":"2022-06-13T07:17:16","guid":{"rendered":"https:\/\/perukikrakow.com.pl\/sklep\/?post_type=product&#038;p=1617"},"modified":"2022-06-13T09:21:43","modified_gmt":"2022-06-13T07:21:43","slug":"ade-35cm-w-kolorze-8-10-16","status":"publish","type":"product","link":"https:\/\/perukikrakow.com.pl\/sklep\/produkt\/ade-35cm-w-kolorze-8-10-16\/","title":{"rendered":"ADE 35cm w kolorze 8\/10\/16"},"content":{"rendered":"<p>Dopink\u0119 Ade wykonano z\u00a0niemodyfikowanych w\u0142os\u00f3w s\u0142owia\u0144skich na mi\u0119kkiej bazie z\u00a0jednym wi\u0119kszym grzebykiem-wsuwk\u0105 z\u00a0przodu oraz czterema spineczkami typu &#8222;klik&#8221; do mocowania na w\u0142osach.<br \/>\nMi\u0119kkie i\u00a0delikatne w\u0142osy uzupe\u0142ni\u0105 fryzur\u0119 i\u00a0poprawi\u0105 jej wygl\u0105d, a\u00a0sama dopinka \u0142adnie dopasowuje si\u0119 do kszta\u0142tu g\u0142owy.<\/p>\n<p>D\u0142ugo\u015b\u0107 w\u0142os\u00f3w:\u00a035cm<\/p>\n<p>Wymiary bazy:\u00a016x18cm<\/p>\n<h5>Produkt wykonany jest z\u00a0najlepszych naturalnych w\u0142os\u00f3w s\u0142owia\u0144skich.<br \/>\nOznacza to, \u017ce w\u00a0zale\u017cno\u015bci od potrzeby w\u0142osy mog\u0105 by\u0107 przyci\u0119te, wymodelowane, a\u00a0tak\u017ce pofarbowane lub rozja\u015bnione.<\/h5>\n<p>Zdj\u0119cie na g\u0142\u00f3wce przedstawia model w\u00a0kolorze\u00a08\/12. Kupujesz produkt w\u00a0kolorze pokazanym w\u00a0kwadracie nad zdj\u0119ciem z\u00a0modelk\u0105.<\/p>\n","protected":false},"excerpt":{"rendered":"<p>Dopink\u0119 Ade wykonano z\u00a0niemodyfikowanych w\u0142os\u00f3w s\u0142owia\u0144skich na mi\u0119kkiej bazie z\u00a0jednym wi\u0119kszym grzebykiem-wsuwk\u0105 z\u00a0przodu oraz czterema spineczkami typu &#8222;klik&#8221; do mocowania na w\u0142osach. Mi\u0119kkie i\u00a0delikatne w\u0142osy uzupe\u0142ni\u0105 fryzur\u0119 i\u00a0poprawi\u0105 jej wygl\u0105d, a\u00a0sama dopinka \u0142adnie dopasowuje si\u0119 do kszta\u0142tu g\u0142owy. D\u0142ugo\u015b\u0107 w\u0142os\u00f3w:\u00a035cm Wymiary bazy:\u00a016x18cm Produkt wykonany jest z\u00a0najlepszych naturalnych w\u0142os\u00f3w s\u0142owia\u0144skich. Oznacza to, \u017ce w\u00a0zale\u017cno\u015bci od potrzeby [&hellip;]<\/p>\n","protected":false},"featured_media":1641,"comment_status":"open","ping_status":"closed","template":"","meta":[],"product_cat":[25,23],"product_tag":[],"class_list":["post-1617","product","type-product","status-publish","has-post-thumbnail","hentry","product_cat-naturalne-toppry","product_cat-toppry","product-grid-view"],"_links":{"self":[{"href":"https:\/\/perukikrakow.com.pl\/sklep\/wp-json\/wp\/v2\/product\/1617","targetHints":{"allow":["GET"]}}],"collection":[{"href":"https:\/\/perukikrakow.com.pl\/sklep\/wp-json\/wp\/v2\/product"}],"about":[{"href":"https:\/\/perukikrakow.com.pl\/sklep\/wp-json\/wp\/v2\/types\/product"}],"replies":[{"embeddable":true,"href":"https:\/\/perukikrakow.com.pl\/sklep\/wp-json\/wp\/v2\/comments?post=1617"}],"wp:featuredmedia":[{"embeddable":true,"href":"https:\/\/perukikrakow.com.pl\/sklep\/wp-json\/wp\/v2\/media\/1641"}],"wp:attachment":[{"href":"https:\/\/perukikrakow.com.pl\/sklep\/wp-json\/wp\/v2\/media?parent=1617"}],"wp:term":[{"taxonomy":"product_cat","embeddable":true,"href":"https:\/\/perukikrakow.com.pl\/sklep\/wp-json\/wp\/v2\/product_cat?post=1617"},{"taxonomy":"product_tag","embeddable":true,"href":"https:\/\/perukikrakow.com.pl\/sklep\/wp-json\/wp\/v2\/product_tag?post=1617"}],"curies":[{"name":"wp","href":"https:\/\/api.w.org\/{rel}","templated":true}]}}