{"id":1396,"date":"2022-06-10T02:05:19","date_gmt":"2022-06-10T00:05:19","guid":{"rendered":"https:\/\/perukikrakow.com.pl\/sklep\/?post_type=product&#038;p=1396"},"modified":"2022-07-13T04:17:04","modified_gmt":"2022-07-13T02:17:04","slug":"top-mono-w-kolorze-champagne-mix-kolekcja-top-power","status":"publish","type":"product","link":"https:\/\/perukikrakow.com.pl\/sklep\/produkt\/top-mono-w-kolorze-champagne-mix-kolekcja-top-power\/","title":{"rendered":"TOP MONO w kolorze champagne\/mix Kolekcja TOP POWER"},"content":{"rendered":"<p><img decoding=\"async\" src=\"https:\/\/perukikrakow.com.pl\/sklep\/wp-content\/uploads\/2022\/06\/ellen-wille_logo_11zon-1.jpg\" alt=\"ellen wille\" \/><br \/>\nTopper wykonany z w\u0142osa syntetycznego o d\u0142ugo\u015bci 12-14cm.<\/p>\n<p>Baza z\u00a0monofilamentu zapewnia naturalny wygl\u0105d (w\u0142osy sprawiaj\u0105 wra\u017cenie wyrastaj\u0105cych z\u00a0prawdziwej sk\u00f3ry g\u0142owy). Wszyte spineczki umo\u017cliwiaj\u0105 \u0142atwe mocowanie.<\/p>\n<p>Wymiary bazy: 15x16cm.<\/p>\n","protected":false},"excerpt":{"rendered":"<p>Topper wykonany z w\u0142osa syntetycznego o d\u0142ugo\u015bci 12-14cm. Baza z\u00a0monofilamentu zapewnia naturalny wygl\u0105d (w\u0142osy sprawiaj\u0105 wra\u017cenie wyrastaj\u0105cych z\u00a0prawdziwej sk\u00f3ry g\u0142owy). Wszyte spineczki umo\u017cliwiaj\u0105 \u0142atwe mocowanie. Wymiary bazy: 15x16cm.<\/p>\n","protected":false},"featured_media":1412,"comment_status":"open","ping_status":"closed","template":"","meta":[],"product_cat":[39,24,23],"product_tag":[],"class_list":["post-1396","product","type-product","status-publish","has-post-thumbnail","hentry","product_cat-ellen-wille","product_cat-syntetyczne-toppry","product_cat-toppry","product-grid-view"],"_links":{"self":[{"href":"https:\/\/perukikrakow.com.pl\/sklep\/wp-json\/wp\/v2\/product\/1396","targetHints":{"allow":["GET"]}}],"collection":[{"href":"https:\/\/perukikrakow.com.pl\/sklep\/wp-json\/wp\/v2\/product"}],"about":[{"href":"https:\/\/perukikrakow.com.pl\/sklep\/wp-json\/wp\/v2\/types\/product"}],"replies":[{"embeddable":true,"href":"https:\/\/perukikrakow.com.pl\/sklep\/wp-json\/wp\/v2\/comments?post=1396"}],"wp:featuredmedia":[{"embeddable":true,"href":"https:\/\/perukikrakow.com.pl\/sklep\/wp-json\/wp\/v2\/media\/1412"}],"wp:attachment":[{"href":"https:\/\/perukikrakow.com.pl\/sklep\/wp-json\/wp\/v2\/media?parent=1396"}],"wp:term":[{"taxonomy":"product_cat","embeddable":true,"href":"https:\/\/perukikrakow.com.pl\/sklep\/wp-json\/wp\/v2\/product_cat?post=1396"},{"taxonomy":"product_tag","embeddable":true,"href":"https:\/\/perukikrakow.com.pl\/sklep\/wp-json\/wp\/v2\/product_tag?post=1396"}],"curies":[{"name":"wp","href":"https:\/\/api.w.org\/{rel}","templated":true}]}}