{"id":1344,"date":"2022-06-10T01:48:55","date_gmt":"2022-06-09T23:48:55","guid":{"rendered":"https:\/\/perukikrakow.com.pl\/sklep\/?post_type=product&#038;p=1344"},"modified":"2022-07-13T04:17:28","modified_gmt":"2022-07-13T02:17:28","slug":"lace-top-w-kolorze-caramel-rooted-kolekcja-top-power","status":"publish","type":"product","link":"https:\/\/perukikrakow.com.pl\/sklep\/produkt\/lace-top-w-kolorze-caramel-rooted-kolekcja-top-power\/","title":{"rendered":"LACE TOP w kolorze caramel\/rooted Kolekcja TOP POWER"},"content":{"rendered":"<p><img decoding=\"async\" src=\"https:\/\/perukikrakow.com.pl\/sklep\/wp-content\/uploads\/2022\/06\/ellen-wille_logo_11zon-1.jpg\" alt=\"ellen wille\" \/><br \/>\nSyntetyczne w\u0142osy dopinki Lace Top utkane s\u0105 na bazie wykonanej z\u00a0mikrosk\u00f3ry oraz na treskach w\u00a0tylnej cz\u0119\u015bci. To zapewnia bardzo naturalny efekt ko\u0144cowy.<br \/>\nTopper mocuje si\u0119 za pomoc\u0105 czterech spineczek typu &#8222;klik&#8221;.<\/p>\n<p>Wymiary bazy:\u00a016x17cm<\/p>\n<p>D\u0142ugo\u015b\u0107 w\u0142os\u00f3w:\u00a010-12cm<\/p>\n","protected":false},"excerpt":{"rendered":"<p>Syntetyczne w\u0142osy dopinki Lace Top utkane s\u0105 na bazie wykonanej z\u00a0mikrosk\u00f3ry oraz na treskach w\u00a0tylnej cz\u0119\u015bci. To zapewnia bardzo naturalny efekt ko\u0144cowy. Topper mocuje si\u0119 za pomoc\u0105 czterech spineczek typu &#8222;klik&#8221;. Wymiary bazy:\u00a016x17cm D\u0142ugo\u015b\u0107 w\u0142os\u00f3w:\u00a010-12cm<\/p>\n","protected":false},"featured_media":1361,"comment_status":"open","ping_status":"closed","template":"","meta":[],"product_cat":[39,24,23],"product_tag":[],"class_list":["post-1344","product","type-product","status-publish","has-post-thumbnail","hentry","product_cat-ellen-wille","product_cat-syntetyczne-toppry","product_cat-toppry","product-grid-view"],"_links":{"self":[{"href":"https:\/\/perukikrakow.com.pl\/sklep\/wp-json\/wp\/v2\/product\/1344","targetHints":{"allow":["GET"]}}],"collection":[{"href":"https:\/\/perukikrakow.com.pl\/sklep\/wp-json\/wp\/v2\/product"}],"about":[{"href":"https:\/\/perukikrakow.com.pl\/sklep\/wp-json\/wp\/v2\/types\/product"}],"replies":[{"embeddable":true,"href":"https:\/\/perukikrakow.com.pl\/sklep\/wp-json\/wp\/v2\/comments?post=1344"}],"wp:featuredmedia":[{"embeddable":true,"href":"https:\/\/perukikrakow.com.pl\/sklep\/wp-json\/wp\/v2\/media\/1361"}],"wp:attachment":[{"href":"https:\/\/perukikrakow.com.pl\/sklep\/wp-json\/wp\/v2\/media?parent=1344"}],"wp:term":[{"taxonomy":"product_cat","embeddable":true,"href":"https:\/\/perukikrakow.com.pl\/sklep\/wp-json\/wp\/v2\/product_cat?post=1344"},{"taxonomy":"product_tag","embeddable":true,"href":"https:\/\/perukikrakow.com.pl\/sklep\/wp-json\/wp\/v2\/product_tag?post=1344"}],"curies":[{"name":"wp","href":"https:\/\/api.w.org\/{rel}","templated":true}]}}