{"id":1325,"date":"2022-06-10T01:43:21","date_gmt":"2022-06-09T23:43:21","guid":{"rendered":"https:\/\/perukikrakow.com.pl\/sklep\/?post_type=product&#038;p=1325"},"modified":"2022-07-13T04:17:39","modified_gmt":"2022-07-13T02:17:39","slug":"secret-w-kolorze-espresso-mix-kolekcja-top-power","status":"publish","type":"product","link":"https:\/\/perukikrakow.com.pl\/sklep\/produkt\/secret-w-kolorze-espresso-mix-kolekcja-top-power\/","title":{"rendered":"SECRET w kolorze espresso\/mix Kolekcja TOP POWER"},"content":{"rendered":"<p><img decoding=\"async\" src=\"https:\/\/perukikrakow.com.pl\/sklep\/wp-content\/uploads\/2022\/06\/ellen-wille_logo_11zon-1.jpg\" alt=\"ellen wille\" \/><br \/>\nSecret to wykonana na tiulowej bazie dopinka z\u00a0w\u0142os\u00f3w syntetycznych.<br \/>\nNa g\u0142owie mocowana jest za pomoc\u0105 czterech spineczek typu &#8222;klik&#8221;. Delikatna baza toppera to wygoda i\u00a0komfort dla wra\u017cliwej sk\u00f3ry.<\/p>\n<p>Wymiary bazy:\u00a023x29cm<\/p>\n<p>D\u0142ugo\u015b\u0107 w\u0142os\u00f3w:\u00a028-32cm<\/p>\n","protected":false},"excerpt":{"rendered":"<p>Secret to wykonana na tiulowej bazie dopinka z\u00a0w\u0142os\u00f3w syntetycznych. Na g\u0142owie mocowana jest za pomoc\u0105 czterech spineczek typu &#8222;klik&#8221;. Delikatna baza toppera to wygoda i\u00a0komfort dla wra\u017cliwej sk\u00f3ry. Wymiary bazy:\u00a023x29cm D\u0142ugo\u015b\u0107 w\u0142os\u00f3w:\u00a028-32cm<\/p>\n","protected":false},"featured_media":1343,"comment_status":"open","ping_status":"closed","template":"","meta":[],"product_cat":[39,24,23],"product_tag":[],"class_list":["post-1325","product","type-product","status-publish","has-post-thumbnail","hentry","product_cat-ellen-wille","product_cat-syntetyczne-toppry","product_cat-toppry","product-grid-view"],"_links":{"self":[{"href":"https:\/\/perukikrakow.com.pl\/sklep\/wp-json\/wp\/v2\/product\/1325","targetHints":{"allow":["GET"]}}],"collection":[{"href":"https:\/\/perukikrakow.com.pl\/sklep\/wp-json\/wp\/v2\/product"}],"about":[{"href":"https:\/\/perukikrakow.com.pl\/sklep\/wp-json\/wp\/v2\/types\/product"}],"replies":[{"embeddable":true,"href":"https:\/\/perukikrakow.com.pl\/sklep\/wp-json\/wp\/v2\/comments?post=1325"}],"wp:featuredmedia":[{"embeddable":true,"href":"https:\/\/perukikrakow.com.pl\/sklep\/wp-json\/wp\/v2\/media\/1343"}],"wp:attachment":[{"href":"https:\/\/perukikrakow.com.pl\/sklep\/wp-json\/wp\/v2\/media?parent=1325"}],"wp:term":[{"taxonomy":"product_cat","embeddable":true,"href":"https:\/\/perukikrakow.com.pl\/sklep\/wp-json\/wp\/v2\/product_cat?post=1325"},{"taxonomy":"product_tag","embeddable":true,"href":"https:\/\/perukikrakow.com.pl\/sklep\/wp-json\/wp\/v2\/product_tag?post=1325"}],"curies":[{"name":"wp","href":"https:\/\/api.w.org\/{rel}","templated":true}]}}