{"id":129,"date":"2022-06-06T11:17:34","date_gmt":"2022-06-06T09:17:34","guid":{"rendered":"https:\/\/perukikrakow.com.pl\/sklep\/?post_type=product&#038;p=129"},"modified":"2022-06-06T11:22:57","modified_gmt":"2022-06-06T09:22:57","slug":"hannah-w-kolorze-66-101-8r-kolekcja-hair2be","status":"publish","type":"product","link":"https:\/\/perukikrakow.com.pl\/sklep\/produkt\/hannah-w-kolorze-66-101-8r-kolekcja-hair2be\/","title":{"rendered":"HANNAH w kolorze 66\/101\/8R Kolekcja HAIR2BE"},"content":{"rendered":"<div class=\"description-short tinymce_html\">\n<ul class=\"information\">\n<li style=\"list-style-type: none;\">\n<ul class=\"information\">\n<li style=\"list-style-type: none;\">\n<ul class=\"information\">\n<li style=\"list-style-type: none;\">\n<ul class=\"information\">\n<li style=\"list-style-type: none;\">\n<ul class=\"information\">\n<li style=\"list-style-type: none;\">\n<ul class=\"information\">\n<li style=\"list-style-type: none;\">\n<ul class=\"information\">\n<li style=\"list-style-type: none;\">\n<ul class=\"information\">\n<li><span class=\"text-muted\">Producent:<\/span>\u00a0<a class=\"producer_name\" href=\"https:\/\/www.peruka.pl\/manufacturer\/rokoko-hair-company\">Rokoko Hair Company<\/a><\/li>\n<\/ul>\n<\/li>\n<\/ul>\n<div id=\"basket_product_options_container\"><\/div>\n<div id=\"description-long\" class=\"description tinymce_html col-xs-12\">\n<div class=\"row\">\n<div class=\"col\">\n<h2>Peruka syntetyczna<\/h2>\n<p>Kolor oferowanej peruki pokazany jest w\u00a0kwadracie obok zdj\u0119cia z\u00a0modelk\u0105.<\/p>\n<p><strong>Peruka syntetyczna Hannah<\/strong>\u00a0wykonana jest ze specjalnego w\u0142\u00f3kna, kt\u00f3re doskonale imituje prawdziwe w\u0142osy. Fryzura jest \u0142atwa w\u00a0piel\u0119gnacji, zachowuje kszta\u0142t i\u00a0nie wymaga modelowania.<\/p>\n<p>Baz\u0119 tego modelu cechuje:<\/p>\n<ul>\n<li>mikrosk\u00f3ra na linii przedzia\u0142ka<\/li>\n<li>rozmyta przednia linia w\u0142os\u00f3w<\/li>\n<li>w\u0142osy tkane na tresach tak, \u017ceby nie by\u0142o wida\u0107 bazy<\/li>\n<\/ul>\n<p>Dzi\u0119ki bazie, na kt\u00f3rej zbudowana jest\u00a0<strong>peruka Hannah<\/strong>, zyskujesz:<\/p>\n<ul>\n<li>naturalny prze\u015bwit sk\u00f3ry w\u00a0miejscu przedzia\u0142ka<\/li>\n<li>wra\u017cenie, \u017ce na linii czo\u0142a w\u0142osy wyrastaj\u0105 z\u00a0prawdziwej sk\u00f3ry g\u0142owy<\/li>\n<li>mo\u017cliwo\u015b\u0107 noszenia fryzury bez grzywki<\/li>\n<li>mo\u017cliwo\u015b\u0107 zaczesywania w\u0142os\u00f3w do g\u00f3ry<\/li>\n<li>\u0142atw\u0105 w\u00a0u\u017cytkowaniu fryzur\u0119<\/li>\n<\/ul>\n<p>Modelka ma na sobie peruk\u0119 w\u00a0kolorze numer 101\/24\/38R.<\/p>\n<\/div>\n<\/div>\n<\/div>\n<\/li>\n<\/ul>\n<\/li>\n<\/ul>\n<\/li>\n<\/ul>\n<\/li>\n<\/ul>\n<\/li>\n<\/ul>\n<\/li>\n<\/ul>\n<\/div>\n","protected":false},"excerpt":{"rendered":"<p>Producent:\u00a0Rokoko Hair Company Peruka syntetyczna Kolor oferowanej peruki pokazany jest w\u00a0kwadracie obok zdj\u0119cia z\u00a0modelk\u0105. Peruka syntetyczna Hannah\u00a0wykonana jest ze specjalnego w\u0142\u00f3kna, kt\u00f3re doskonale imituje prawdziwe w\u0142osy. Fryzura jest \u0142atwa w\u00a0piel\u0119gnacji, zachowuje kszta\u0142t i\u00a0nie wymaga modelowania. Baz\u0119 tego modelu cechuje: mikrosk\u00f3ra na linii przedzia\u0142ka rozmyta przednia linia w\u0142os\u00f3w w\u0142osy tkane na tresach tak, \u017ceby nie by\u0142o [&hellip;]<\/p>\n","protected":false},"featured_media":156,"comment_status":"open","ping_status":"closed","template":"","meta":[],"product_cat":[16,17],"product_tag":[],"class_list":["post-129","product","type-product","status-publish","has-post-thumbnail","hentry","product_cat-peruki","product_cat-peruki-damskie","product-grid-view"],"_links":{"self":[{"href":"https:\/\/perukikrakow.com.pl\/sklep\/wp-json\/wp\/v2\/product\/129","targetHints":{"allow":["GET"]}}],"collection":[{"href":"https:\/\/perukikrakow.com.pl\/sklep\/wp-json\/wp\/v2\/product"}],"about":[{"href":"https:\/\/perukikrakow.com.pl\/sklep\/wp-json\/wp\/v2\/types\/product"}],"replies":[{"embeddable":true,"href":"https:\/\/perukikrakow.com.pl\/sklep\/wp-json\/wp\/v2\/comments?post=129"}],"wp:featuredmedia":[{"embeddable":true,"href":"https:\/\/perukikrakow.com.pl\/sklep\/wp-json\/wp\/v2\/media\/156"}],"wp:attachment":[{"href":"https:\/\/perukikrakow.com.pl\/sklep\/wp-json\/wp\/v2\/media?parent=129"}],"wp:term":[{"taxonomy":"product_cat","embeddable":true,"href":"https:\/\/perukikrakow.com.pl\/sklep\/wp-json\/wp\/v2\/product_cat?post=129"},{"taxonomy":"product_tag","embeddable":true,"href":"https:\/\/perukikrakow.com.pl\/sklep\/wp-json\/wp\/v2\/product_tag?post=129"}],"curies":[{"name":"wp","href":"https:\/\/api.w.org\/{rel}","templated":true}]}}