{"id":1007,"date":"2022-06-09T03:35:25","date_gmt":"2022-06-09T01:35:25","guid":{"rendered":"https:\/\/perukikrakow.com.pl\/sklep\/?post_type=product&#038;p=1007"},"modified":"2022-07-15T04:54:30","modified_gmt":"2022-07-15T02:54:30","slug":"nele-w-kolorze-lightblonde-kolekcja-power-kids","status":"publish","type":"product","link":"https:\/\/perukikrakow.com.pl\/sklep\/produkt\/nele-w-kolorze-lightblonde-kolekcja-power-kids\/","title":{"rendered":"NELE w kolorze lightblonde Kolekcja POWER KIDS"},"content":{"rendered":"<p><img decoding=\"async\" src=\"https:\/\/perukikrakow.com.pl\/sklep\/wp-content\/uploads\/2022\/06\/ellen-wille_logo_11zon-1.jpg\" alt=\"ellen wille\" \/><\/p>\n<h4>Peruka z w\u0142osa syntetycznego<\/h4>\n<ul>\n<li>Mikrosk\u00f3ra na linii przedzia\u0142ka.<\/li>\n<li>Pozwala na naturalnie wygl\u0105daj\u0105cy prze\u015bwit sk\u00f3ry na przedzia\u0142ku.<\/li>\n<\/ul>\n","protected":false},"excerpt":{"rendered":"<p>Peruka z w\u0142osa syntetycznego Mikrosk\u00f3ra na linii przedzia\u0142ka. Pozwala na naturalnie wygl\u0105daj\u0105cy prze\u015bwit sk\u00f3ry na przedzia\u0142ku.<\/p>\n","protected":false},"featured_media":1022,"comment_status":"open","ping_status":"closed","template":"","meta":[],"product_cat":[39,16,19],"product_tag":[],"class_list":["post-1007","product","type-product","status-publish","has-post-thumbnail","hentry","product_cat-ellen-wille","product_cat-peruki","product_cat-peruki-dzieciece","product-grid-view"],"_links":{"self":[{"href":"https:\/\/perukikrakow.com.pl\/sklep\/wp-json\/wp\/v2\/product\/1007","targetHints":{"allow":["GET"]}}],"collection":[{"href":"https:\/\/perukikrakow.com.pl\/sklep\/wp-json\/wp\/v2\/product"}],"about":[{"href":"https:\/\/perukikrakow.com.pl\/sklep\/wp-json\/wp\/v2\/types\/product"}],"replies":[{"embeddable":true,"href":"https:\/\/perukikrakow.com.pl\/sklep\/wp-json\/wp\/v2\/comments?post=1007"}],"wp:featuredmedia":[{"embeddable":true,"href":"https:\/\/perukikrakow.com.pl\/sklep\/wp-json\/wp\/v2\/media\/1022"}],"wp:attachment":[{"href":"https:\/\/perukikrakow.com.pl\/sklep\/wp-json\/wp\/v2\/media?parent=1007"}],"wp:term":[{"taxonomy":"product_cat","embeddable":true,"href":"https:\/\/perukikrakow.com.pl\/sklep\/wp-json\/wp\/v2\/product_cat?post=1007"},{"taxonomy":"product_tag","embeddable":true,"href":"https:\/\/perukikrakow.com.pl\/sklep\/wp-json\/wp\/v2\/product_tag?post=1007"}],"curies":[{"name":"wp","href":"https:\/\/api.w.org\/{rel}","templated":true}]}}